{"id":3753,"date":"2020-08-24T07:44:10","date_gmt":"2020-08-24T07:44:10","guid":{"rendered":"https:\/\/terradepresencia.org\/thich-nhat-hanh\/"},"modified":"2023-07-30T08:41:58","modified_gmt":"2023-07-30T08:41:58","slug":"thich-nhat-hanh","status":"publish","type":"page","link":"https:\/\/terradepresencia.org\/es\/thich-nhat-hanh\/","title":{"rendered":"Thich Nhat Hanh"},"content":{"rendered":"\n<figure class=\"wp-block-image aligncenter size-large\"><img fetchpriority=\"high\" decoding=\"async\" width=\"1024\" height=\"678\" src=\"https:\/\/terradepresencia.org\/wp-content\/uploads\/2020\/08\/081-TNH-teaching-children-in-Plum-Village-PHOTO-PV-CEB-1024x678-1.jpg\" alt=\"\" class=\"wp-image-110\" srcset=\"https:\/\/terradepresencia.org\/wp-content\/uploads\/2020\/08\/081-TNH-teaching-children-in-Plum-Village-PHOTO-PV-CEB-1024x678-1.jpg 1024w, https:\/\/terradepresencia.org\/wp-content\/uploads\/2020\/08\/081-TNH-teaching-children-in-Plum-Village-PHOTO-PV-CEB-1024x678-1-300x199.jpg 300w, https:\/\/terradepresencia.org\/wp-content\/uploads\/2020\/08\/081-TNH-teaching-children-in-Plum-Village-PHOTO-PV-CEB-1024x678-1-768x509.jpg 768w\" sizes=\"(max-width: 1024px) 100vw, 1024px\" \/><\/figure>\n\n<p>El maestro zen Thich Nhat Hanh es un l\u00edder espiritual, poeta y activista por la paz mundial, reconocido por sus poderosas ense\u00f1anzas sobre la atenci\u00f3n plena y la paz. Un monje gentil y humilde, a quien el Dr. Martin Luther King llam\u00f3 \u00abel ap\u00f3stol de la paz y la no violencia\u00bb cuando lo nomin\u00f3 para el Premio Nobel de la Paz. Thich Nhat Hanh fue pionero en traer el budismo y la atenci\u00f3n plena a Occidente y en establecer una comunidad budista comprometida para el siglo XXI.<\/p>\n\n<h4 class=\"wp-block-heading\"><strong>Primeros a\u00f1os<\/strong><\/h4>\n\n<p>Nacido en el centro de Vietnam en 1926, Thich Nhat Hanh ingres\u00f3 en el templo T\u1eeb Hi\u1ebfu de la ciudad de Hue como monje novicio a los diecis\u00e9is a\u00f1os. Como joven bikshu (monje) a principios de la d\u00e9cada de 1950, particip\u00f3 activamente en el movimiento de renovaci\u00f3n del budismo vietnamita.<\/p>\n\n<h4 class=\"wp-block-heading\"><strong><strong>Activismo social durante la guerra de Vietnam<\/strong><\/strong><\/h4>\n\n<p>Cuando la guerra lleg\u00f3 a Vietnam, los monjes y monjas se enfrentaron a la disyuntiva de adherirse a la vida contemplativa y permanecer meditando en los monasterios, o ayudar a la gente de su entorno que sufr\u00eda los bombardeos y la agitaci\u00f3n de la guerra. Thich Nhat Hanh fue uno de los que eligi\u00f3 hacer ambas cosas, y al hacerlo fund\u00f3 el movimiento del Budismo Comprometido, que m\u00e1s tarde pasar\u00eda a llamarse Budismo Aplicado. Desde entonces, dedic\u00f3 su vida al trabajo de transformaci\u00f3n interior en beneficio de las personas y la sociedad.<\/p>\n\n<p>En Vietnam, a principios de la d\u00e9cada de 1960, Thich Nhat Hanh fund\u00f3 la Escuela de J\u00f3venes para el Servicio Social, una organizaci\u00f3n de ayuda de base formada por 10.000 voluntarios cuyos fundamentos eran los principios budistas de la no violencia y la acci\u00f3n compasiva.<\/p>\n\n<p>Como acad\u00e9mico, profesor y activista comprometido en la d\u00e9cada de 1960, Thich Nhat Hanh tambi\u00e9n fund\u00f3 la Universidad Budista Van Hanh en Saig\u00f3n, la editorial La Boi y una influyente revista de activismo por la paz. En 1966 fund\u00f3 la Orden del Interser, una nueva orden basada en los preceptos tradicionales del Bodhisattva budista.<\/p>\n\n<p>El 1 de mayo de 1966, en el templo T\u1eeb Hi\u1ebfu, Thich Nhat Hanh recibi\u00f3 la \u00abtransmisi\u00f3n de la l\u00e1mpara\u00bb del maestro Chan That.<\/p>\n\n<h4 class=\"wp-block-heading\"><strong>Exilio de Vietnam<\/strong><\/h4>\n\n<p>Unos meses m\u00e1s tarde, viaj\u00f3 de nuevo a Estados Unidos y Europa para abogar por la paz y pedir el fin de las hostilidades en Vietnam. Fue en ese viaje de 1966 cuando conoci\u00f3 a Martin Luther King, que le propuso para el Premio Nobel de la Paz en 1967. Como consecuencia, tanto Vietnam del Norte como Vietnam del Sur le negaron el derecho a regresar a Vietnam, iniciando un largo exilio de 39 a\u00f1os.<\/p>\n\n<h4 class=\"wp-block-heading\"><strong><strong>Fundaci\u00f3n de Plum Village en Francia<\/strong><\/strong><\/h4>\n\n<figure class=\"wp-block-image aligncenter size-large\"><img decoding=\"async\" width=\"1024\" height=\"683\" src=\"https:\/\/terradepresencia.org\/wp-content\/uploads\/2020\/08\/068-TNH-in-Plum-Village-Upper-Hamlet-with-Children-PHOTO-Copyright-Jim-Forest-1024x683-1.jpg\" alt=\"\" class=\"wp-image-109\" srcset=\"https:\/\/terradepresencia.org\/wp-content\/uploads\/2020\/08\/068-TNH-in-Plum-Village-Upper-Hamlet-with-Children-PHOTO-Copyright-Jim-Forest-1024x683-1.jpg 1024w, https:\/\/terradepresencia.org\/wp-content\/uploads\/2020\/08\/068-TNH-in-Plum-Village-Upper-Hamlet-with-Children-PHOTO-Copyright-Jim-Forest-1024x683-1-300x200.jpg 300w, https:\/\/terradepresencia.org\/wp-content\/uploads\/2020\/08\/068-TNH-in-Plum-Village-Upper-Hamlet-with-Children-PHOTO-Copyright-Jim-Forest-1024x683-1-768x512.jpg 768w\" sizes=\"(max-width: 1024px) 100vw, 1024px\" \/><\/figure>\n\n<p>A principios de la d\u00e9cada de 1970, fue profesor e investigador de budismo en la Universidad de la Sorbona de Par\u00eds. En 1975 fund\u00f3 la comunidad Sweet Potato, cerca de Par\u00eds, y en 1982 se traslad\u00f3 a un emplazamiento mucho m\u00e1s grande en el suroeste de Francia, que pronto se conoci\u00f3 como \u00abPlum Village\u00bb.<\/p>\n\n<p>Bajo la direcci\u00f3n espiritual de Thich Nhat Hanh, Plum Village pas\u00f3 de ser una peque\u00f1a granja rural a lo que es hoy, el mayor y m\u00e1s activo monasterio budista de Occidente. Alberga a m\u00e1s de 200 monjes y monjas y recibe cada a\u00f1o a m\u00e1s de 10.000 visitantes de todo el mundo para aprender \u00abel arte de la vida consciente\u00bb.<\/p>\n\n<p>Plum Village acoge a personas de todas las edades, procedencias y religiones en retiros donde pueden aprender pr\u00e1cticas como la meditaci\u00f3n caminando, la meditaci\u00f3n sentada, la meditaci\u00f3n sobre la comida, la relajaci\u00f3n total, la meditaci\u00f3n sobre el trabajo y la respiraci\u00f3n pausada, sonriente y consciente. Todas ellas son antiguas pr\u00e1cticas budistas, cuya esencia ha desarrollado Thich Nhat Hanh para aplicarlas con facilidad y fuerza a los retos y dificultades de nuestro tiempo.<\/p>\n\n<p>En los \u00faltimos veinte a\u00f1os, m\u00e1s de 100.000 personas se han comprometido a seguir en su vida diaria los Cinco Entrenamientos, preceptos modernizados de la \u00e9tica global universal creada por Thich Nhat Hanh.<\/p>\n\n<p>M\u00e1s recientemente, Thich Nhat Hanh fund\u00f3 Wake Up, un movimiento mundial de miles de j\u00f3venes que se entrenan en estas pr\u00e1cticas de vida consciente. Tambi\u00e9n puso en marcha Wake Up Schools International, un programa para formar a profesores que ense\u00f1en plena consciencia en escuelas de Europa, Am\u00e9rica y Asia.<\/p>\n\n<p>En la \u00faltima d\u00e9cada, Thich Nhat Hanh abri\u00f3 monasterios en California, Nueva York, Vietnam, Par\u00eds, Hong Kong, Tailandia, Mississippi y Australia, y el primer \u00abInstituto de Budismo Aplicado\u00bb de Europa, en Alemania.<\/p>\n\n<p>El 11 de noviembre de 2014, un mes despu\u00e9s de su 88 cumplea\u00f1os y tras varios meses de r\u00e1pido deterioro de su salud, Thich Nhat Hanh sufri\u00f3 un grave derrame cerebral. Aunque no pod\u00eda hablar y estaba paralizado del lado derecho, sigui\u00f3 ofreciendo Dharma e inspiraci\u00f3n a trav\u00e9s de su presencia pac\u00edfica, serena y valiente.<\/p>\n\n<p>En noviembre de 2018, Thich Nhat Hanh se traslad\u00f3 al templo T\u1eeb Hi\u1ebfu de Vietnam. Expres\u00f3 su deseo de permanecer all\u00ed los d\u00edas restantes. Sal\u00eda regularmente en su silla de ruedas para visitar los altares de los templos y dirigir a la sangha en meditaci\u00f3n caminando alrededor de los antiguos estanques y estupas. El regreso de Thay a T\u1eeb Hi\u1ebfu fue una campana de atenci\u00f3n plena, que nos record\u00f3 a todos lo precioso que es pertenecer a un linaje espiritual con profundas ra\u00edces.<\/p>\n\n<p>Thay falleci\u00f3 en paz en los primeros momentos del 22 de enero de 2022, en el Templo T\u1eeb Hi\u1ebfu de Hu\u1ebf. El funeral y la cremaci\u00f3n de Thich Nhat Hanh tuvieron lugar el s\u00e1bado 29 de enero en Hu\u1ebf, y sus cenizas se distribuyeron entre sus centros de pr\u00e1ctica de Europa, Estados Unidos y Asia.<\/p>\n\n<p>El legado vivo del budismo aplicado de Thich Nhat Hanh es continuado por su comunidad de m\u00e1s de 700 disc\u00edpulos mon\u00e1sticos en 11 monasterios, as\u00ed como por cientos de maestros laicos del Dharma, miles de miembros de su <a href=\"https:\/\/orderofinterbeing.org\/\">Orden del Interser<\/a> y cientos de miles de seguidores en todo el mundo. A trav\u00e9s de ense\u00f1anzas en l\u00ednea, retiros y acciones comprometidas, la Comunidad Internacional de Budismo Aplicado de Plum Village lleva adelante su extraordinaria contribuci\u00f3n.<\/p>\n\n<figure class=\"wp-block-image aligncenter size-large\"><img decoding=\"async\" width=\"1000\" height=\"669\" src=\"https:\/\/terradepresencia.org\/wp-content\/uploads\/2020\/08\/088-TNH-inviting-the-bell.jpg\" alt=\"\" class=\"wp-image-111\" srcset=\"https:\/\/terradepresencia.org\/wp-content\/uploads\/2020\/08\/088-TNH-inviting-the-bell.jpg 1000w, https:\/\/terradepresencia.org\/wp-content\/uploads\/2020\/08\/088-TNH-inviting-the-bell-300x201.jpg 300w, https:\/\/terradepresencia.org\/wp-content\/uploads\/2020\/08\/088-TNH-inviting-the-bell-768x514.jpg 768w\" sizes=\"(max-width: 1000px) 100vw, 1000px\" \/><\/figure>\n","protected":false},"excerpt":{"rendered":"<p>El maestro zen Thich Nhat Hanh es un l\u00edder espiritual, poeta y activista por la paz mundial, reconocido por sus poderosas ense\u00f1anzas sobre la atenci\u00f3n plena y la paz. Un monje gentil y humilde, a quien el Dr. Martin Luther King llam\u00f3 \u00abel ap\u00f3stol de la paz y la no violencia\u00bb cuando lo nomin\u00f3 para [&hellip;]<\/p>\n","protected":false},"author":1,"featured_media":0,"parent":0,"menu_order":0,"comment_status":"closed","ping_status":"closed","template":"","meta":{"_monsterinsights_skip_tracking":false,"_monsterinsights_sitenote_active":false,"_monsterinsights_sitenote_note":"","_monsterinsights_sitenote_category":0,"footnotes":""},"class_list":["post-3753","page","type-page","status-publish","hentry"],"aioseo_notices":[],"jetpack_sharing_enabled":true,"_links":{"self":[{"href":"https:\/\/terradepresencia.org\/es\/wp-json\/wp\/v2\/pages\/3753","targetHints":{"allow":["GET"]}}],"collection":[{"href":"https:\/\/terradepresencia.org\/es\/wp-json\/wp\/v2\/pages"}],"about":[{"href":"https:\/\/terradepresencia.org\/es\/wp-json\/wp\/v2\/types\/page"}],"author":[{"embeddable":true,"href":"https:\/\/terradepresencia.org\/es\/wp-json\/wp\/v2\/users\/1"}],"replies":[{"embeddable":true,"href":"https:\/\/terradepresencia.org\/es\/wp-json\/wp\/v2\/comments?post=3753"}],"version-history":[{"count":1,"href":"https:\/\/terradepresencia.org\/es\/wp-json\/wp\/v2\/pages\/3753\/revisions"}],"predecessor-version":[{"id":3754,"href":"https:\/\/terradepresencia.org\/es\/wp-json\/wp\/v2\/pages\/3753\/revisions\/3754"}],"wp:attachment":[{"href":"https:\/\/terradepresencia.org\/es\/wp-json\/wp\/v2\/media?parent=3753"}],"curies":[{"name":"wp","href":"https:\/\/api.w.org\/{rel}","templated":true}]}}