{"id":3179,"date":"2020-06-21T09:08:06","date_gmt":"2020-06-21T09:08:06","guid":{"rendered":"https:\/\/terradepresencia.org\/la-sangha\/"},"modified":"2025-08-26T10:59:55","modified_gmt":"2025-08-26T10:59:55","slug":"la-sangha","status":"publish","type":"page","link":"https:\/\/terradepresencia.org\/es\/la-sangha\/","title":{"rendered":"La Sangha"},"content":{"rendered":"\n<figure class=\"wp-block-image size-large\"><img fetchpriority=\"high\" decoding=\"async\" width=\"1024\" height=\"531\" src=\"https:\/\/terradepresencia.org\/wp-content\/uploads\/2021\/04\/sangha_caminar-1024x531.jpg\" alt=\"\" class=\"wp-image-863\" srcset=\"https:\/\/terradepresencia.org\/wp-content\/uploads\/2021\/04\/sangha_caminar-1024x531.jpg 1024w, https:\/\/terradepresencia.org\/wp-content\/uploads\/2021\/04\/sangha_caminar-300x156.jpg 300w, https:\/\/terradepresencia.org\/wp-content\/uploads\/2021\/04\/sangha_caminar-768x398.jpg 768w, https:\/\/terradepresencia.org\/wp-content\/uploads\/2021\/04\/sangha_caminar.jpg 1200w\" sizes=\"(max-width: 1024px) 100vw, 1024px\" \/><\/figure>\n\n<p><em><strong>\u00bfQu\u00e9 es una Sangha?<\/strong><\/em><\/p>\n\n<p>Una sangha es una comunidad. Disponemos de una caba\u00f1a y un hermoso jard\u00edn para disfrutar de un refugio en el que aprender y consolidar la pr\u00e1ctica de la atenci\u00f3n plena, la conciencia plena (tambi\u00e9n llamada mindfulness): <strong>practicamos para vivir cada tarea del d\u00eda como si fuera una meditaci\u00f3n en s\u00ed misma. Esta atenci\u00f3n plena nos permite transformar el sufrimiento y cultivar la alegr\u00eda y la felicidad en cada momento.<\/strong>.<\/p>\n\n<p>Es un espacio horizontal. Esto significa que entre nosotros no hay ni maestros ni aprendices; nos ayudamos mutuamente mediante la presencia y el compartir.<\/p>\n\n<p><strong><em>\u00bfCu\u00e1l es la tradici\u00f3n de la sangha?<\/em><\/strong><\/p>\n\n<p>La sangha est\u00e1 vinculada a la tradici\u00f3n de Plum Village fundada por el maestro \u00abzen\u00bb <strong>Thich Nhat Hanh<\/strong> (a quien llamamos cari\u00f1osamente <strong>Thay<\/strong>), que impuls\u00f3 lo que hoy se conoce como Budismo Aplicado (originalmente llamado Budismo Comprometido). Sin embargo, no es necesario ser budista para formar parte de la sangha.<\/p>\n\n<p>Este espacio est\u00e1 <strong>abierto a personas de todas las culturas, edades, sexos, condiciones econ\u00f3micas y sociales<\/strong>&#8230; Lo \u00fanico que se necesita para formar parte de ella es inter\u00e9s por esta forma de vida.<\/p>\n\n<p><strong><em>\u00bfC\u00f3mo funciona una sangha?<\/em><\/strong><\/p>\n\n<p>En el \u00abZen\u00bb, a veces oir\u00e1s esta expresi\u00f3n: <em>nada que hacer, ning\u00fan lugar adonde ir<\/em>. Eso es lo ideal, pero puede ser bastante dif\u00edcil cuando no tienes la pr\u00e1ctica necesaria (habilidad, constancia, solidez) y ah\u00ed es donde puedes fortalecerte con la Sangha. En ella aprendemos a utilizar algunas herramientas que, con nuestra perseverancia y el apoyo de los dem\u00e1s, permiten que la plenitud se instale en nosotros y nosotras un poco m\u00e1s cada d\u00eda.<\/p>\n\n<p>Practicamos el silencio, la meditaci\u00f3n sentada, caminamos, cantamos, compartimos el Dharma (hablamos y escuchamos a los dem\u00e1s con compasi\u00f3n sobre los acontecimientos de la vida), leemos, comemos, bebemos t\u00e9, damos gracias a la vida y a los antepasados, re\u00edmos, lloramos&#8230; y, en general, compartimos la <strong>alegr\u00eda de vivir que nos anima a continuar en el Camino.<\/strong><\/p>\n\n<p><strong><em>\u00bfEs necesaria tener alguna experiencia previa?<\/em><\/strong><\/p>\n\n<p>No, ni un poco, s\u00f3lo necesitas la voluntad de comprometerte con el resto de la sangha. Nos gusta definir este espacio como <strong>una peque\u00f1a familia<\/strong> en la que podemos compartir los logros de cada semana, as\u00ed como las frustraciones de lo que a\u00fan estamos aprendiendo. <strong>Sentirse apoyado y apoyar a<\/strong> los dem\u00e1s.<\/p>\n\n<p>Todos podemos contribuir a la energ\u00eda que nutre a la comunidad, independientemente de que hayamos acumulado m\u00e1s o menos horas de pr\u00e1ctica. <strong>Cada uno, seg\u00fan sus experiencias, puede aportar algo valioso y \u00fanico a la sangha<\/strong>.<\/p>\n\n<p><strong><em>\u00bfQui\u00e9n puede participar en las reuniones de la sangha?<\/em><\/strong><\/p>\n\n<p>De momento s\u00f3lo podemos ofrecer el espacio de pr\u00e1ctica para adultos, ya que a\u00fan no hay condiciones para recibir a ni\u00f1os, pero nos gustar\u00eda que con el tiempo formaran parte de la comunidad. Con esa peque\u00f1a restricci\u00f3n, estamos <strong>abiertos a cualquier persona interesada en la pr\u00e1ctica<\/strong>, en la medida en que las limitaciones de espacio lo permitan.<\/p>\n\n<p><strong><em>\u00bfQu\u00e9 hago si quiero venir a la sangha?<\/em><\/strong><\/p>\n\n<p>\u00a1Contacta con nosotros!<\/p>\n\n<p><strong>La caba\u00f1a de Vilas tiene actualmente capacidad para 8 personas<\/strong> . Por eso <strong>te agradecer\u00edamos que nos comunicaras cu\u00e1ndo te gustar\u00eda venir a las reuniones, para<\/strong> garantizar que haya sitio para todos, que estemos lo m\u00e1s c\u00f3modos posible y que nadie se quede fuera.<\/p>\n\n<p>Para facilitar la participaci\u00f3n de cualquier persona interesada, nos reunimos <a href=\"https:\/\/terradepresencia.org\/es\/sangha-semanal\/\" title=\"\">todos los <strong>jueves y viernes<\/strong> por la tarde<\/a>y celebramos una <a href=\"https:\/\/terradepresencia.org\/es\/dia-de-atencion-plena\/\" title=\"\">Jornada completa de Mindfulness<\/a> el \u00faltimo s\u00e1bado de cada mes.<\/p>\n\n<p><strong><em>\u00bfTengo que llevar algo?<\/em><\/strong><\/p>\n\n<p>Gracias a la generosidad de todos los que componen la sangha, de momento tenemos mantas, cojines de meditaci\u00f3n o sillas para todos, pero si lo prefieres puedes venir con tu propio material de meditaci\u00f3n.<\/p>\n\n<p>En las reuniones semanales<strong> recuerda venir con ropa c\u00f3moda<\/strong>. Para las reuniones mensuales, recomendamos <a href=\"https:\/\/terradepresencia.org\/es\/dia-de-atencion-plena\/\" title=\"\">leer esta secci\u00f3n<\/a> para que la jornada sea lo m\u00e1s c\u00f3moda posible para todos. Delegamos en cada uno la responsabilidad de comunicar sus propias necesidades para el buen desarrollo de las reuniones.<\/p>\n\n<p><strong><em>\u00bfCu\u00e1ndo nos encontramos?<\/em><\/strong><\/p>\n\n<p>Celebramos varios tipos de reuniones: <a href=\"https:\/\/terradepresencia.org\/es\/participar\/\" title=\"\">Sangha semanal, Compartir con la Sangha y D\u00eda de la atenci\u00f3n plena<\/a>.<\/p>\n\n<p>La sangha semanal (jueves y viernes en Vilas, Gondomar) es un breve tiempo de reuni\u00f3n para que nosotros, los hermanos y hermanas de la sangha, encontremos <strong>un refugio en el que descansar y fortalecer nuestra semilla de despertar<\/strong>.<\/p>\n\n<p>Por otro lado, cada \u00faltimo s\u00e1bado de mes, celebramos el D\u00eda de Atenci\u00f3n Plena (en Vilas, Gondomar). En ella profundizamos en las pr\u00e1cticas con mayor intensidad y silencio, aprovechando y sosteniendo la energ\u00eda de toda la comunidad.<\/p>\n\n<p>Adem\u00e1s, a veces celebramos un encuentro llamado Compartiendo con la Sangha, en el que disfrutamos de un tiempo de no-pr\u00e1ctica, colaborando en tareas de voluntariado, celebrando fiestas, cenas&#8230; Estas actividades est\u00e1n abiertas a personas de todas las edades afines a la sangha.<\/p>\n\n<p><strong><em>\u00bfHay que pagar algo para estar en la sangha?<\/em><\/strong><\/p>\n\n<p>La vida es muy generosa con nosotros, y ha puesto a nuestra disposici\u00f3n un hermoso Jard\u00edn donde podemos compartir la pr\u00e1ctica con los dem\u00e1s, \u00a1porque vino gratis y gratis lo ofrecemos!<\/p>\n\n<p><strong>Los gastos que debemos asumir para mantener la comunidad son pocos, pero siguen existiendo<\/strong>. Entre estos gastos se encuentran algunos relacionados con la p\u00e1gina web, peque\u00f1os materiales o la comida y cena de las Jornadas de Atenci\u00f3n Plena. Tambi\u00e9n aspiramos a hacer algunas mejoras, como adquirir una campana grande, y ser\u00eda estupendo poder conseguirlo gracias a la generosidad de todos y cada uno.<\/p>\n\n<p>La pr\u00e1ctica de la generosidad (Dana) forma parte de los <a href=\"https:\/\/terradepresencia.org\/cinco-adestramentos\/\" title=\"\">entrenamientos <\/a>propuesta por el maestro Thich Nhah Hanh para una \u00e9tica mundial. Por este motivo, y tal y como recomienda Plum Village, durante las reuniones siempre tendr\u00e1s a tu disposici\u00f3n una caja en la que podr\u00e1s contribuir econ\u00f3micamente con lo que quieras y cuando quieras. Esto es algo que queda a criterio de cada uno, sabiendo que estamos aqu\u00ed para responder a cualquier pregunta o propuestas.<\/p>\n\n<p>Si lo prefieres, tambi\u00e9n puedes ayudar a la sangha con aportaciones materiales o dedicando tiempo voluntario al jard\u00edn. Para cualquiera de estas opciones, habla con nosotros y te comentaremos la disponibilidad.<\/p>\n\n<p>Nos gustar\u00eda comentar que <strong>ninguna persona de la sangha recibe dinero por las reuniones<\/strong>, y que todas las contribuciones recibidas se destinan al mantenimiento de la sangha. Del mismo modo, nos comprometemos a presentar las cuentas mensuales con transparencia para que todo el mundo pueda implicarse en la mejora del espacio.<\/p>\n\n<p>Estamos a vuestra disposici\u00f3n,<\/p>\n\n<p>Los hermanos y hermanas de la Sangha.<\/p>\n","protected":false},"excerpt":{"rendered":"<p>\u00bfQu\u00e9 es una Sangha? Una sangha es una comunidad. Disponemos de una caba\u00f1a y un hermoso jard\u00edn para disfrutar de un refugio en el que aprender y consolidar la pr\u00e1ctica de la atenci\u00f3n plena, la conciencia plena (tambi\u00e9n llamada mindfulness): practicamos para vivir cada tarea del d\u00eda como si fuera una meditaci\u00f3n en s\u00ed misma. [&hellip;]<\/p>\n","protected":false},"author":1,"featured_media":0,"parent":0,"menu_order":0,"comment_status":"closed","ping_status":"closed","template":"","meta":{"_monsterinsights_skip_tracking":false,"_monsterinsights_sitenote_active":false,"_monsterinsights_sitenote_note":"","_monsterinsights_sitenote_category":0,"footnotes":""},"class_list":["post-3179","page","type-page","status-publish","hentry"],"aioseo_notices":[],"jetpack_sharing_enabled":true,"_links":{"self":[{"href":"https:\/\/terradepresencia.org\/es\/wp-json\/wp\/v2\/pages\/3179","targetHints":{"allow":["GET"]}}],"collection":[{"href":"https:\/\/terradepresencia.org\/es\/wp-json\/wp\/v2\/pages"}],"about":[{"href":"https:\/\/terradepresencia.org\/es\/wp-json\/wp\/v2\/types\/page"}],"author":[{"embeddable":true,"href":"https:\/\/terradepresencia.org\/es\/wp-json\/wp\/v2\/users\/1"}],"replies":[{"embeddable":true,"href":"https:\/\/terradepresencia.org\/es\/wp-json\/wp\/v2\/comments?post=3179"}],"version-history":[{"count":5,"href":"https:\/\/terradepresencia.org\/es\/wp-json\/wp\/v2\/pages\/3179\/revisions"}],"predecessor-version":[{"id":4142,"href":"https:\/\/terradepresencia.org\/es\/wp-json\/wp\/v2\/pages\/3179\/revisions\/4142"}],"wp:attachment":[{"href":"https:\/\/terradepresencia.org\/es\/wp-json\/wp\/v2\/media?parent=3179"}],"curies":[{"name":"wp","href":"https:\/\/api.w.org\/{rel}","templated":true}]}}