{"id":3124,"date":"2020-06-20T10:35:44","date_gmt":"2020-06-20T10:35:44","guid":{"rendered":"https:\/\/terradepresencia.org\/dia-de-atencion-plena\/"},"modified":"2023-02-19T09:33:01","modified_gmt":"2023-02-19T09:33:01","slug":"dia-de-atencion-plena","status":"publish","type":"page","link":"https:\/\/terradepresencia.org\/es\/dia-de-atencion-plena\/","title":{"rendered":"D\u00eda de Atenci\u00f3n Plena"},"content":{"rendered":"\n<p>Estas reuniones tienen lugar el<strong> \u00faltimo s\u00e1bado de cada mes<\/strong> en Vilas-Morgad\u00e1ns<strong>(Gondomar<\/strong>), con el siguiente horario:<\/p>\n\n<blockquote class=\"wp-block-quote is-layout-flow wp-block-quote-is-layout-flow\"><p>9:00 Bienvenida<\/p><p><em>9:25 <a href=\"https:\/\/www.youtube.com\/watch?v=R2FFwT1epEA\" target=\"_blank\" rel=\"noreferrer noopener\">Canto de la ma\u00f1ana<\/a><\/em><\/p><p><em>9:30 <a href=\"http:\/\/terradepresencia.org\/meditacion-sentada\/\" target=\"_blank\" rel=\"noreferrer noopener\">Meditaci\u00f3n sentada guiada<\/a><\/em><\/p><p><em>10:00 Ofrenda de incienso<\/em><\/p><p><em>Tocar la tierra<a href=\"http:\/\/terradepresencia.org\/cinco-prostracions\/\" target=\"_blank\" rel=\"noreferrer noopener\">(Cinco postraciones<\/a><\/em> <em>\/ <a href=\"https:\/\/terradepresencia.org\/tocar-a-terra-tres-prostracions\/\" target=\"_blank\" rel=\"noreferrer noopener\">Tres<\/a> postraciones)<\/em><\/p><p><em>10:10 Gatha de apertura<\/em><\/p><p><em>Lectura de Cantos del Coraz\u00f3n<\/em><\/p><p><em><em>Ofrecimiento de<\/em> m\u00e9ritos<\/em><\/p><p><em>10:30 <a href=\"http:\/\/terradepresencia.org\/meditacion-caminando\/\">Meditaci\u00f3n caminando (Paseo meditativo)<\/a><\/em><\/p><p>11:00 Almuerzo<\/p><p><em>11:30 Meditaci\u00f3n del Servicio<\/em><\/p><p>13:30 Tiempo libre<\/p><p><em>14:00 Recitaci\u00f3n de las <a href=\"http:\/\/terradepresencia.org\/cinco-contemplacions\/\" target=\"_blank\" rel=\"noreferrer noopener\">Cinco Contemplaciones<\/a><\/em><\/p><p><em>Comida<\/em> (primeros 20 min. en silencio)<\/p><p>Tiempo libre \/ Relajaci\u00f3n profunda<\/p><p><em>16:00 <a href=\"http:\/\/terradepresencia.org\/meditacion-caminando\/\">Meditaci\u00f3n caminando<\/a> (paseo contemplativo)<\/em><\/p><p><em>17:00 <a href=\"https:\/\/youtu.be\/JjJKberXBI8\" target=\"_blank\" rel=\"noreferrer noopener\">Canto de la tarde<\/a><\/em><\/p><p><em><a href=\"http:\/\/terradepresencia.org\/meditacion-sentada\/\" target=\"_blank\" rel=\"noreferrer noopener\">Meditaci\u00f3n sentada<\/a><\/em><\/p><p><em>17:30 <a href=\"https:\/\/terradepresencia.org\/cinco-adestramentos\/\" title=\"Cinco Entrenamientos\">Recitaci\u00f3n de los Cinco Entrenamientos<\/a><\/em><\/p><p>18:00 Compartir el Dharma<\/p><p>19:00 Meditaci\u00f3n del Abrazo<\/p><p>Canto y despedida<\/p><p>19:15 Tiempo libre (t\u00e9)<\/p><cite><em>Las actividades en cursiva se realizan en silencio<\/em><\/cite><\/blockquote>\n\n<div class=\"wp-block-group is-layout-flow wp-block-group-is-layout-flow\"><\/div>\n\n<p>Para comodidad de todos, estas reuniones son reducidas: solo tenemos capacidad para <strong>7 personas<\/strong>. Por este motivo, te animamos a que confirmes tu asistencia antes de venir para asegurarnos de que hay sitio para todos antes del viernes anterior a la celebraci\u00f3n.<\/p>\n\n<p>El servicio de meditaci\u00f3n suele celebrarse en el jard\u00edn. Te recomendamos que vengas con ropa c\u00f3moda que se pueda manchar, as\u00ed como calzado c\u00f3modo para el paseo, un sobrero para el sol, chubasquero, paraguas&#8230; o cualquier otra cosa que consideres c\u00f3moda.<\/p>\n\n<p>Hoy en d\u00eda disponemos de material de meditaci\u00f3n para todos, pero si lo deseas puedes traer tu propio coj\u00edn, banco o silla para meditar. Tambi\u00e9n delegamos en cada persona que venga con todo lo necesario para sentirse bien y c\u00f3modo, as\u00ed como la responsabilidad de comentar sus necesidades.<\/p>\n\n<p>Durante la reuni\u00f3n ofrecemos almuerzo y comida para todos y todas. Ese d\u00eda (o en cualquier otro momento) puedes hacer un donativo a la sangha para sufragar este coste con dinero, tiempo de voluntariado o materiales.<\/p>\n\n<p>La direcci\u00f3n es A Portela, Vilas &#8211; Morgad\u00e1ns (Gondomar). Puedes escribirnos si prefieres que compartamos la ubicaci\u00f3n contigo por WhatsApp.<\/p>\n\n<figure><iframe src=\"https:\/\/www.google.com\/maps\/embed?pb=!1m18!1m12!1m3!1d739.931122962461!2d-8.707247170813748!3d42.11337099355788!2m3!1f0!2f0!3f0!3m2!1i1024!2i768!4f13.1!3m3!1m2!1s0x0%3A0x0!2zNDLCsDA2JzQ4LjEiTiA4wrA0MicyNC4xIlc!5e0!3m2!1ses!2ses!4v1592648915696!5m2!1ses!2ses\" allowfullscreen=\"\" width=\"600\" height=\"450\"><\/iframe><\/figure>\n","protected":false},"excerpt":{"rendered":"<p>Estas reuniones tienen lugar el \u00faltimo s\u00e1bado de cada mes en Vilas-Morgad\u00e1ns(Gondomar), con el siguiente horario: 9:00 Bienvenida 9:25 Canto de la ma\u00f1ana 9:30 Meditaci\u00f3n sentada guiada 10:00 Ofrenda de incienso Tocar la tierra(Cinco postraciones \/ Tres postraciones) 10:10 Gatha de apertura Lectura de Cantos del Coraz\u00f3n Ofrecimiento de m\u00e9ritos 10:30 Meditaci\u00f3n caminando (Paseo meditativo) [&hellip;]<\/p>\n","protected":false},"author":1,"featured_media":0,"parent":0,"menu_order":0,"comment_status":"closed","ping_status":"closed","template":"","meta":{"_monsterinsights_skip_tracking":false,"_monsterinsights_sitenote_active":false,"_monsterinsights_sitenote_note":"","_monsterinsights_sitenote_category":0,"footnotes":""},"class_list":["post-3124","page","type-page","status-publish","hentry"],"aioseo_notices":[],"jetpack_sharing_enabled":true,"_links":{"self":[{"href":"https:\/\/terradepresencia.org\/es\/wp-json\/wp\/v2\/pages\/3124","targetHints":{"allow":["GET"]}}],"collection":[{"href":"https:\/\/terradepresencia.org\/es\/wp-json\/wp\/v2\/pages"}],"about":[{"href":"https:\/\/terradepresencia.org\/es\/wp-json\/wp\/v2\/types\/page"}],"author":[{"embeddable":true,"href":"https:\/\/terradepresencia.org\/es\/wp-json\/wp\/v2\/users\/1"}],"replies":[{"embeddable":true,"href":"https:\/\/terradepresencia.org\/es\/wp-json\/wp\/v2\/comments?post=3124"}],"version-history":[{"count":2,"href":"https:\/\/terradepresencia.org\/es\/wp-json\/wp\/v2\/pages\/3124\/revisions"}],"predecessor-version":[{"id":3130,"href":"https:\/\/terradepresencia.org\/es\/wp-json\/wp\/v2\/pages\/3124\/revisions\/3130"}],"wp:attachment":[{"href":"https:\/\/terradepresencia.org\/es\/wp-json\/wp\/v2\/media?parent=3124"}],"curies":[{"name":"wp","href":"https:\/\/api.w.org\/{rel}","templated":true}]}}