{"id":3119,"date":"2021-09-01T13:15:37","date_gmt":"2021-09-01T13:15:37","guid":{"rendered":"https:\/\/terradepresencia.org\/compartiendo-con-la-sangha\/"},"modified":"2023-02-16T07:05:37","modified_gmt":"2023-02-16T07:05:37","slug":"compartiendo-con-la-sangha","status":"publish","type":"page","link":"https:\/\/terradepresencia.org\/es\/compartiendo-con-la-sangha\/","title":{"rendered":"Compartiendo con la sangha"},"content":{"rendered":"\n<p>Espor\u00e1dicamente, convocamos actividades para compartir con la sangha de manera m\u00e1s informal. El objetivo es abrir la sangha a todas las personas, de todos los credos y edades, renovando as\u00ed nuestro compromiso de inclusividad. <\/p>\n\n<p>En este tipo de encuentros queremos fortalecer nuestra fraternidad, colaborando con proyectos afines, mejorando el entorno&#8230; y dedicando tiempo a compartir con el esp\u00edritu de la \u00abpr\u00e1ctica de la no pr\u00e1ctica\u00bb (la pr\u00e1ctica de plena consciencia de manera no formal).<\/p>\n\n<p>En general, realizamos una parte de la actividad por la ma\u00f1ana para poder compartir la comida juntos\/as, aunque es posible incorporarse por la tarde, momento en el que podemos dar un paseo juntos\/as o continuar con la actividad de la ma\u00f1ana.<\/p>\n\n<p>Las comidas se comparten, de modo que cada persona lleva su propia comida para compartirla con los dem\u00e1s. Tambi\u00e9n depende de cada persona venir con la ropa y el calzado adecuados para la actividad que se vaya a realizar.<\/p>\n\n<p>Dependiendo de la naturaleza de la actividad, podr\u00eda tener lugar en Vilas (Gondomar) o en otro lugar, previa notificaci\u00f3n en la lista de correo. Las actividades son gratuitas, aunque disponemos de una caja de Dana para quienes deseen realizar una aportaci\u00f3n a la Sangha o a la persona que facilita la actividad (cuando sea el caso).<\/p>\n\n<p>Para asistir a estas reuniones, es necesario reservar con antelaci\u00f3n por <a data-type=\"page\" data-id=\"50\" href=\"https:\/\/terradepresencia.org\/es\/contacto\/\">correo electr\u00f3nico o tel\u00e9fono<\/a>.<\/p>\n\n<p>Felices de seguir compartiendo.<\/p>\n","protected":false},"excerpt":{"rendered":"<p>Espor\u00e1dicamente, convocamos actividades para compartir con la sangha de manera m\u00e1s informal. El objetivo es abrir la sangha a todas las personas, de todos los credos y edades, renovando as\u00ed nuestro compromiso de inclusividad. En este tipo de encuentros queremos fortalecer nuestra fraternidad, colaborando con proyectos afines, mejorando el entorno&#8230; y dedicando tiempo a compartir [&hellip;]<\/p>\n","protected":false},"author":1,"featured_media":0,"parent":0,"menu_order":0,"comment_status":"closed","ping_status":"closed","template":"","meta":{"_monsterinsights_skip_tracking":false,"_monsterinsights_sitenote_active":false,"_monsterinsights_sitenote_note":"","_monsterinsights_sitenote_category":0,"footnotes":""},"class_list":["post-3119","page","type-page","status-publish","hentry"],"aioseo_notices":[],"jetpack_sharing_enabled":true,"_links":{"self":[{"href":"https:\/\/terradepresencia.org\/es\/wp-json\/wp\/v2\/pages\/3119","targetHints":{"allow":["GET"]}}],"collection":[{"href":"https:\/\/terradepresencia.org\/es\/wp-json\/wp\/v2\/pages"}],"about":[{"href":"https:\/\/terradepresencia.org\/es\/wp-json\/wp\/v2\/types\/page"}],"author":[{"embeddable":true,"href":"https:\/\/terradepresencia.org\/es\/wp-json\/wp\/v2\/users\/1"}],"replies":[{"embeddable":true,"href":"https:\/\/terradepresencia.org\/es\/wp-json\/wp\/v2\/comments?post=3119"}],"version-history":[{"count":1,"href":"https:\/\/terradepresencia.org\/es\/wp-json\/wp\/v2\/pages\/3119\/revisions"}],"predecessor-version":[{"id":3120,"href":"https:\/\/terradepresencia.org\/es\/wp-json\/wp\/v2\/pages\/3119\/revisions\/3120"}],"wp:attachment":[{"href":"https:\/\/terradepresencia.org\/es\/wp-json\/wp\/v2\/media?parent=3119"}],"curies":[{"name":"wp","href":"https:\/\/api.w.org\/{rel}","templated":true}]}}