{"id":3104,"date":"2020-06-20T10:21:15","date_gmt":"2020-06-20T10:21:15","guid":{"rendered":"https:\/\/terradepresencia.org\/sangha-semanal\/"},"modified":"2025-08-26T10:53:15","modified_gmt":"2025-08-26T10:53:15","slug":"sangha-semanal","status":"publish","type":"page","link":"https:\/\/terradepresencia.org\/es\/sangha-semanal\/","title":{"rendered":"Sangha semanal"},"content":{"rendered":"\n<p>Celebramos estas reuniones en persona todos los jueves y viernes por la tarde. El lugar donde nos encontramos es una peque\u00f1a caba\u00f1a en Vilas (Gondomar). La v\u00edspera, enviamos el material de pr\u00e1cticas por correo electr\u00f3nico a quienes no pudieron asistir f\u00edsicamente.<\/p>\n\n<p>El horario se desarrolla as\u00ed:<\/p>\n\n<blockquote class=\"wp-block-quote is-layout-flow wp-block-quote-is-layout-flow\">\n<p>19.00 h Acogida<\/p>\n\n\n\n<p><em>19.25 h Canto de la tarde<\/em><\/p>\n\n\n\n<p><em><em>Meditaci\u00f3n sentada<\/em><\/em><\/p>\n\n\n\n<p><em>20.00 h <em>Lectura<\/em><\/em> <em>de Texto<\/em><\/p>\n\n\n\n<p><em>20.10 h <em>Meditaci\u00f3n caminando<\/em><\/em><\/p>\n\n\n\n<p>20.30 h Compartir del Dharma<\/p>\n\n\n\n<p>21:00 h Cantos y despedida<\/p>\n<cite><em><em>Las actividades en cursiva se realizan en silencio<\/em><\/em><\/cite><\/blockquote>\n\n<p>Recomendamos acudir con ropa c\u00f3moda.<\/p>\n\n<p>Actualmente disponemos de material de meditaci\u00f3n para todos y todas, aunque si lo deseas puedes traer tu propio zafu, banco o silla para meditar. Tambi\u00e9n delegamos en cada persona que traiga lo que necesite para sentirse c\u00f3modo, as\u00ed como la responsabilidad de comentar sus necesidades.<\/p>\n\n<p>S\u00f3lo tenemos capacidad para <strong>8 personas<\/strong> en la caba\u00f1a. Por esta raz\u00f3n, recomendamos confirmar la asistencia antes de venir para asegurarnos de que estamos lo mejor organizados posible. Gracias.<\/p>\n\n<p>La direcci\u00f3n es A Portela 63A, Vilas &#8211; Morgad\u00e1ns (Gondomar). Puedes escribirnos si prefieres que compartamos la ubicaci\u00f3n contigo. <\/p>\n\n<iframe src=\"https:\/\/www.google.com\/maps\/embed?pb=!1m18!1m12!1m3!1d739.931122962461!2d-8.707247170813748!3d42.11337099355788!2m3!1f0!2f0!3f0!3m2!1i1024!2i768!4f13.1!3m3!1m2!1s0x0%3A0x0!2zNDLCsDA2JzQ4LjEiTiA4wrA0MicyNC4xIlc!5e0!3m2!1ses!2ses!4v1592648915696!5m2!1ses!2ses\" style=\"border:0;\" allowfullscreen=\"\" loading=\"lazy\" referrerpolicy=\"no-referrer-when-downgrade\" width=\"600\" height=\"450\"><\/iframe>\n","protected":false},"excerpt":{"rendered":"<p>Celebramos estas reuniones en persona todos los jueves y viernes por la tarde. El lugar donde nos encontramos es una peque\u00f1a caba\u00f1a en Vilas (Gondomar). La v\u00edspera, enviamos el material de pr\u00e1cticas por correo electr\u00f3nico a quienes no pudieron asistir f\u00edsicamente. El horario se desarrolla as\u00ed: 19.00 h Acogida 19.25 h Canto de la tarde [&hellip;]<\/p>\n","protected":false},"author":1,"featured_media":0,"parent":0,"menu_order":0,"comment_status":"closed","ping_status":"closed","template":"","meta":{"_monsterinsights_skip_tracking":false,"_monsterinsights_sitenote_active":false,"_monsterinsights_sitenote_note":"","_monsterinsights_sitenote_category":0,"footnotes":""},"class_list":["post-3104","page","type-page","status-publish","hentry"],"aioseo_notices":[],"jetpack_sharing_enabled":true,"_links":{"self":[{"href":"https:\/\/terradepresencia.org\/es\/wp-json\/wp\/v2\/pages\/3104","targetHints":{"allow":["GET"]}}],"collection":[{"href":"https:\/\/terradepresencia.org\/es\/wp-json\/wp\/v2\/pages"}],"about":[{"href":"https:\/\/terradepresencia.org\/es\/wp-json\/wp\/v2\/types\/page"}],"author":[{"embeddable":true,"href":"https:\/\/terradepresencia.org\/es\/wp-json\/wp\/v2\/users\/1"}],"replies":[{"embeddable":true,"href":"https:\/\/terradepresencia.org\/es\/wp-json\/wp\/v2\/comments?post=3104"}],"version-history":[{"count":3,"href":"https:\/\/terradepresencia.org\/es\/wp-json\/wp\/v2\/pages\/3104\/revisions"}],"predecessor-version":[{"id":4133,"href":"https:\/\/terradepresencia.org\/es\/wp-json\/wp\/v2\/pages\/3104\/revisions\/4133"}],"wp:attachment":[{"href":"https:\/\/terradepresencia.org\/es\/wp-json\/wp\/v2\/media?parent=3104"}],"curies":[{"name":"wp","href":"https:\/\/api.w.org\/{rel}","templated":true}]}}